{"id":15,"date":"2017-11-11T23:11:26","date_gmt":"2017-11-11T23:11:26","guid":{"rendered":"http:\/\/yameya.co\/?page_id=15"},"modified":"2024-06-15T09:52:17","modified_gmt":"2024-06-15T14:52:17","slug":"servicios","status":"publish","type":"page","link":"https:\/\/yameya.co\/?page_id=15","title":{"rendered":"Servicios"},"content":{"rendered":"<h2>GIROS<\/h2>\n<p><img loading=\"lazy\" decoding=\"async\" class=\"size-full wp-image-39 aligncenter\" src=\"https:\/\/yameya.co\/wp-content\/uploads\/2017\/11\/giros-1.png\" alt=\"\" width=\"209\" height=\"163\" \/><\/p>\n<p>Pensando en la facilidad y econom\u00eda de todos nuestros usuarios, dispone de servicio de giros, costo del 2% sobre valor consignado y entrega inmediata al destinatario, despu\u00e9s de consignado el dinero, con facilidad de pago de envi\u00f3, de contado y contra entrega.<\/p>\n<h2>TRANSPORTE INTERMUNICIPAL<\/h2>\n<p><img loading=\"lazy\" decoding=\"async\" class=\"alignnone size-full wp-image-41\" src=\"https:\/\/yameya.co\/wp-content\/uploads\/2017\/11\/tte-pasajeros-1.png\" alt=\"\" width=\"209\" height=\"163\" \/><\/p>\n<p style=\"font-weight: 400;\"><strong>TIPO DE SERVICIO:\u00a0\u00a0<\/strong>Transporte intermunicipales de pasajeros.<\/p>\n<p style=\"font-weight: 400;\"><strong>TIEMPO DE PRESENTACI\u00d3N:\u00a0<\/strong>Microb\u00fas, con capacidad para 19 personas, con cobertura ruta de transporte terrestre de pasajeros Yarumal Medell\u00edn Yarumal, con frecuencia de despacho cada hora.<\/p>\n<p style=\"font-weight: 400;\">Yarumal a Medell\u00edn: primer despacho 4:40 am con \u00faltimo despacho 6:40 pm.<\/p>\n<p style=\"font-weight: 400;\">Medell\u00edn a Yarumal: primer despacho 5:00 am con \u00faltimo despacho 7:00 pm con adicional de 8:00 pm para los d\u00edas viernes y s\u00e1bado.<\/p>\n<p style=\"font-weight: 400;\">Distancia de 120 km y con tiempo de recorrido aprox de 2.45 horas.<\/p>\n<p style=\"font-weight: 400;\">Pensando en su comodidad y accesibilidad\u00a0disponemos de medio electr\u00f3nico para sus reservas y pagos utilizando su APP Bancolombia<\/p>\n<h2>PAQUETER\u00cdA<\/h2>\n<p><img loading=\"lazy\" decoding=\"async\" class=\"alignnone size-full wp-image-40\" src=\"https:\/\/yameya.co\/wp-content\/uploads\/2017\/11\/encomiendas-1.png\" alt=\"\" width=\"209\" height=\"163\" \/><\/p>\n<p>Brindando servicios de mejor calidad y para la comodidad de todos nuestros usuarios, ofrece el transporte de paqueter\u00eda Yarumal- Medellin-Yarumal y servicio de mensajer\u00eda, con facilidad de pago de contado y contra entrega.<br \/>\nEntrega en el domicilio de la localidad de Yarumal, zona comercial centro.<\/p>\n<p><strong>RESTRICCIONES EN TRANSPORTE DE PAQUETER\u00cdA Y EQUIPAJES:<\/strong><\/p>\n<ul>\n<li>Objetos que por su contenido puedan ocasionar da\u00f1os a los colaboradores o deteriorar los dem\u00e1s env\u00edos.<\/li>\n<li>Materiales peligrosos, contaminantes, inflamables o explosivos, combustibles. Bienes que deban conservarse bajo refrigeraci\u00f3n, congelaci\u00f3n o calefacci\u00f3n<\/li>\n<li>Gases comprimidos o venenosos, cilindros de gas, refrigerantes, material radioactivo.<\/li>\n<li>Sustancias infecciosas, corrosivas o venenosas, materias grasas, polvos colorantes y otras materias similares, desechos org\u00e1nicos y hospitalarios, oxidantes, per\u00f3xidos org\u00e1nicos e industriales, catalizadores, pigmentos qu\u00edmicos, pl\u00e1sticos, pinturas.<\/li>\n<\/ul>\n<p><strong>POR SU VALOR <\/strong><\/p>\n<ul>\n<li>Metales preciosos en barra o en polvo, dinero en efectivo y otros objetos de valor, tales como monedas, platino, oro y plata<\/li>\n<li>Manufacturadas o no, billetes representativos de moneda o cualquier otro valor al portador, joyas, piedras finas o cualquier otro objetos precioso Objetos constitutivos del patrimonio hist\u00f3rico o cultural de Colombia.<\/li>\n<li>Antig\u00fcedades, obras de arte, objetos art\u00edsticos.<\/li>\n<\/ul>\n<p><strong>POR PROHIBICIONES LEGAL <\/strong><\/p>\n<ul>\n<li>Material org\u00e1nico, marihuana, coca\u00edna, morfina, hero\u00edna o cualquier otro tipo de narc\u00f3ticos o alucin\u00f3genos.<\/li>\n<li>Qu\u00edmicos peligrosos, materiales industriales \u00f3xidos, inflamables y combustibles.<\/li>\n<li>Animales (fauna silvestre)<\/li>\n<li>Armas, municiones y elementos b\u00e9licos de toda especie, o cualquier otro objeto de comercio il\u00edcito.<\/li>\n<li>M\u00e1quinas para acu\u00f1ar moneda, o esqueletos para billetes de bancos.<\/li>\n<\/ul>\n<p><strong>POR CONDICIONES DE EMPAQUE Y EMBALAJE<\/strong><\/p>\n<ul>\n<li>Art\u00edculos y elementos fr\u00e1giles que no est\u00e9n convenientemente protegidos y empacados.<\/li>\n<\/ul>\n<p><strong>POR CONDICIONES DE\u00a0<\/strong><b>MANIPULACI\u00d3N<\/b><\/p>\n<ul>\n<li>Maquinaria industrial, cajas, paquetes o cualquier otro tipo de embalaje cuyo peso por unidad sea superior a 50 kg.<\/li>\n<\/ul>\n","protected":false},"excerpt":{"rendered":"<p>GIROS Pensando en la facilidad y econom\u00eda de todos nuestros usuarios, dispone de servicio de giros, costo del 2% sobre valor consignado y entrega inmediata al destinatario, despu\u00e9s de consignado el dinero, con facilidad de pago de envi\u00f3, de contado y contra entrega. TRANSPORTE INTERMUNICIPAL TIPO DE SERVICIO:\u00a0\u00a0Transporte intermunicipales de pasajeros. TIEMPO DE PRESENTACI\u00d3N:\u00a0Microb\u00fas, con&hellip;<\/p>\n","protected":false},"author":1,"featured_media":0,"parent":0,"menu_order":0,"comment_status":"closed","ping_status":"closed","template":"","meta":{"footnotes":""},"class_list":["post-15","page","type-page","status-publish","hentry"],"_links":{"self":[{"href":"https:\/\/yameya.co\/index.php?rest_route=\/wp\/v2\/pages\/15","targetHints":{"allow":["GET"]}}],"collection":[{"href":"https:\/\/yameya.co\/index.php?rest_route=\/wp\/v2\/pages"}],"about":[{"href":"https:\/\/yameya.co\/index.php?rest_route=\/wp\/v2\/types\/page"}],"author":[{"embeddable":true,"href":"https:\/\/yameya.co\/index.php?rest_route=\/wp\/v2\/users\/1"}],"replies":[{"embeddable":true,"href":"https:\/\/yameya.co\/index.php?rest_route=%2Fwp%2Fv2%2Fcomments&post=15"}],"version-history":[{"count":22,"href":"https:\/\/yameya.co\/index.php?rest_route=\/wp\/v2\/pages\/15\/revisions"}],"predecessor-version":[{"id":817,"href":"https:\/\/yameya.co\/index.php?rest_route=\/wp\/v2\/pages\/15\/revisions\/817"}],"wp:attachment":[{"href":"https:\/\/yameya.co\/index.php?rest_route=%2Fwp%2Fv2%2Fmedia&parent=15"}],"curies":[{"name":"wp","href":"https:\/\/api.w.org\/{rel}","templated":true}]}}