{"id":336,"date":"2018-03-01T07:49:28","date_gmt":"2018-03-01T12:49:28","guid":{"rendered":"http:\/\/yameya.co\/?page_id=336"},"modified":"2021-03-22T15:02:41","modified_gmt":"2021-03-22T20:02:41","slug":"campanas","status":"publish","type":"page","link":"https:\/\/yameya.co\/?page_id=336","title":{"rendered":"Campa\u00f1as"},"content":{"rendered":"<h3>Distancia entre veh\u00edculos seg\u00fan velocidad y condiciones<\/h3>\n<p><img loading=\"lazy\" decoding=\"async\" class=\"aligncenter wp-image-327\" src=\"https:\/\/yameya.co\/wp-content\/uploads\/2018\/03\/distanciasFrenado-223x300.jpeg\" alt=\"\" width=\"678\" height=\"912\" srcset=\"https:\/\/yameya.co\/wp-content\/uploads\/2018\/03\/distanciasFrenado-223x300.jpeg 223w, https:\/\/yameya.co\/wp-content\/uploads\/2018\/03\/distanciasFrenado.jpeg 720w\" sizes=\"auto, (max-width: 678px) 100vw, 678px\" \/><\/p>\n\n\n<h2 class=\"wp-block-heading\">H\u00e1bitos para mejorar tu vida<\/h2>\n\n\n\n<figure class=\"wp-block-gallery columns-2 is-cropped wp-block-gallery-1 is-layout-flex wp-block-gallery-is-layout-flex\"><ul class=\"blocks-gallery-grid\"><li class=\"blocks-gallery-item\"><figure><img loading=\"lazy\" decoding=\"async\" width=\"410\" height=\"1024\" src=\"https:\/\/yameya.co\/wp-content\/uploads\/2021\/03\/Habitos_que_mejorar_tu_vida1.jpg\" alt=\"\" data-id=\"536\" class=\"wp-image-536\" srcset=\"https:\/\/yameya.co\/wp-content\/uploads\/2021\/03\/Habitos_que_mejorar_tu_vida1.jpg 410w, https:\/\/yameya.co\/wp-content\/uploads\/2021\/03\/Habitos_que_mejorar_tu_vida1-120x300.jpg 120w\" sizes=\"auto, (max-width: 410px) 100vw, 410px\" \/><\/figure><\/li><li class=\"blocks-gallery-item\"><figure><img loading=\"lazy\" decoding=\"async\" width=\"410\" height=\"1024\" src=\"https:\/\/yameya.co\/wp-content\/uploads\/2021\/03\/Habitos_que_mejorar_tu_vida21024_1-1.jpg\" alt=\"\" data-id=\"540\" data-full-url=\"https:\/\/yameya.co\/wp-content\/uploads\/2021\/03\/Habitos_que_mejorar_tu_vida21024_1-1.jpg\" data-link=\"https:\/\/yameya.co\/?attachment_id=540\" class=\"wp-image-540\" srcset=\"https:\/\/yameya.co\/wp-content\/uploads\/2021\/03\/Habitos_que_mejorar_tu_vida21024_1-1.jpg 410w, https:\/\/yameya.co\/wp-content\/uploads\/2021\/03\/Habitos_que_mejorar_tu_vida21024_1-1-120x300.jpg 120w\" sizes=\"auto, (max-width: 410px) 100vw, 410px\" \/><\/figure><\/li><\/ul><\/figure>\n\n\n\n<h2 class=\"wp-block-heading\">Normas de tr\u00e1nsito<\/h2>\n\n\n\n<figure class=\"wp-block-image size-large\"><img loading=\"lazy\" decoding=\"async\" width=\"1024\" height=\"576\" src=\"https:\/\/yameya.co\/wp-content\/uploads\/2021\/03\/normas_de_transito-1-1024x576.jpg\" alt=\"\" class=\"wp-image-562\" srcset=\"https:\/\/yameya.co\/wp-content\/uploads\/2021\/03\/normas_de_transito-1-1024x576.jpg 1024w, https:\/\/yameya.co\/wp-content\/uploads\/2021\/03\/normas_de_transito-1-300x169.jpg 300w, https:\/\/yameya.co\/wp-content\/uploads\/2021\/03\/normas_de_transito-1-768x432.jpg 768w, https:\/\/yameya.co\/wp-content\/uploads\/2021\/03\/normas_de_transito-1-1536x864.jpg 1536w, https:\/\/yameya.co\/wp-content\/uploads\/2021\/03\/normas_de_transito-1-2048x1152.jpg 2048w, https:\/\/yameya.co\/wp-content\/uploads\/2021\/03\/normas_de_transito-1-240x136.jpg 240w\" sizes=\"auto, (max-width: 1024px) 100vw, 1024px\" \/><\/figure>\n\n\n\n<h2 class=\"wp-block-heading\">Beneficios de la granadilla y la mandarina<\/h2>\n\n\n\n<figure class=\"wp-block-image size-large\"><img loading=\"lazy\" decoding=\"async\" width=\"724\" height=\"1024\" src=\"https:\/\/yameya.co\/wp-content\/uploads\/2021\/03\/beneficios_granadilla_naranja-1-724x1024.jpg\" alt=\"\" class=\"wp-image-563\" srcset=\"https:\/\/yameya.co\/wp-content\/uploads\/2021\/03\/beneficios_granadilla_naranja-1-724x1024.jpg 724w, https:\/\/yameya.co\/wp-content\/uploads\/2021\/03\/beneficios_granadilla_naranja-1-212x300.jpg 212w, https:\/\/yameya.co\/wp-content\/uploads\/2021\/03\/beneficios_granadilla_naranja-1-768x1086.jpg 768w, https:\/\/yameya.co\/wp-content\/uploads\/2021\/03\/beneficios_granadilla_naranja-1-1086x1536.jpg 1086w, https:\/\/yameya.co\/wp-content\/uploads\/2021\/03\/beneficios_granadilla_naranja-1-1448x2048.jpg 1448w, https:\/\/yameya.co\/wp-content\/uploads\/2021\/03\/beneficios_granadilla_naranja-1-scaled.jpg 1810w\" sizes=\"auto, (max-width: 724px) 100vw, 724px\" \/><\/figure>\n\n\n\n<h2 class=\"wp-block-heading\">Acto Inseguro<\/h2>\n\n\n\n<figure class=\"wp-block-image size-large\"><img loading=\"lazy\" decoding=\"async\" width=\"1024\" height=\"576\" src=\"https:\/\/yameya.co\/wp-content\/uploads\/2021\/03\/acto_inseguro-1-1024x576.jpg\" alt=\"\" class=\"wp-image-564\" srcset=\"https:\/\/yameya.co\/wp-content\/uploads\/2021\/03\/acto_inseguro-1-1024x576.jpg 1024w, https:\/\/yameya.co\/wp-content\/uploads\/2021\/03\/acto_inseguro-1-300x169.jpg 300w, https:\/\/yameya.co\/wp-content\/uploads\/2021\/03\/acto_inseguro-1-768x432.jpg 768w, https:\/\/yameya.co\/wp-content\/uploads\/2021\/03\/acto_inseguro-1-1536x864.jpg 1536w, https:\/\/yameya.co\/wp-content\/uploads\/2021\/03\/acto_inseguro-1-2048x1152.jpg 2048w, https:\/\/yameya.co\/wp-content\/uploads\/2021\/03\/acto_inseguro-1-240x136.jpg 240w\" sizes=\"auto, (max-width: 1024px) 100vw, 1024px\" \/><\/figure>\n\n\n\n<h2 class=\"wp-block-heading\">Tips para prevenci\u00f3n de accidentes de tr\u00e1nsito <\/h2>\n\n\n\n<figure class=\"wp-block-image size-large\"><img loading=\"lazy\" decoding=\"async\" width=\"1024\" height=\"576\" src=\"https:\/\/yameya.co\/wp-content\/uploads\/2021\/03\/TIPS_PARA_PREVENIR_ACCIDENTES_DE_TRANSITO-1-1024x576.jpg\" alt=\"\" class=\"wp-image-565\" srcset=\"https:\/\/yameya.co\/wp-content\/uploads\/2021\/03\/TIPS_PARA_PREVENIR_ACCIDENTES_DE_TRANSITO-1-1024x576.jpg 1024w, https:\/\/yameya.co\/wp-content\/uploads\/2021\/03\/TIPS_PARA_PREVENIR_ACCIDENTES_DE_TRANSITO-1-300x169.jpg 300w, https:\/\/yameya.co\/wp-content\/uploads\/2021\/03\/TIPS_PARA_PREVENIR_ACCIDENTES_DE_TRANSITO-1-768x432.jpg 768w, https:\/\/yameya.co\/wp-content\/uploads\/2021\/03\/TIPS_PARA_PREVENIR_ACCIDENTES_DE_TRANSITO-1-1536x864.jpg 1536w, https:\/\/yameya.co\/wp-content\/uploads\/2021\/03\/TIPS_PARA_PREVENIR_ACCIDENTES_DE_TRANSITO-1-2048x1152.jpg 2048w, https:\/\/yameya.co\/wp-content\/uploads\/2021\/03\/TIPS_PARA_PREVENIR_ACCIDENTES_DE_TRANSITO-1-240x136.jpg 240w\" sizes=\"auto, (max-width: 1024px) 100vw, 1024px\" \/><\/figure>\n\n\n\n<h2 class=\"wp-block-heading\">Socializaci\u00f3n capacitaci\u00f3n PGIRS<\/h2>\n\n\n\n<div class=\"wp-block-group\"><div class=\"wp-block-group__inner-container is-layout-flow wp-block-group-is-layout-flow\">\n<figure class=\"wp-block-image\"><img loading=\"lazy\" decoding=\"async\" width=\"1024\" height=\"576\" src=\"https:\/\/yameya.co\/wp-content\/uploads\/2021\/03\/Socializacion_PGIRS_CITRAYAR-1-1024x576.jpg\" alt=\"\" class=\"wp-image-566\" srcset=\"https:\/\/yameya.co\/wp-content\/uploads\/2021\/03\/Socializacion_PGIRS_CITRAYAR-1-1024x576.jpg 1024w, https:\/\/yameya.co\/wp-content\/uploads\/2021\/03\/Socializacion_PGIRS_CITRAYAR-1-300x169.jpg 300w, https:\/\/yameya.co\/wp-content\/uploads\/2021\/03\/Socializacion_PGIRS_CITRAYAR-1-768x432.jpg 768w, https:\/\/yameya.co\/wp-content\/uploads\/2021\/03\/Socializacion_PGIRS_CITRAYAR-1-1536x864.jpg 1536w, https:\/\/yameya.co\/wp-content\/uploads\/2021\/03\/Socializacion_PGIRS_CITRAYAR-1-2048x1152.jpg 2048w, https:\/\/yameya.co\/wp-content\/uploads\/2021\/03\/Socializacion_PGIRS_CITRAYAR-1-240x136.jpg 240w\" sizes=\"auto, (max-width: 1024px) 100vw, 1024px\" \/><\/figure>\n\n\n\n<figure class=\"wp-block-image\"><img loading=\"lazy\" decoding=\"async\" width=\"1024\" height=\"576\" src=\"https:\/\/yameya.co\/wp-content\/uploads\/2021\/03\/Socializacion_PGIRS_CITRAYAR-2-1024x576.jpg\" alt=\"\" class=\"wp-image-567\" srcset=\"https:\/\/yameya.co\/wp-content\/uploads\/2021\/03\/Socializacion_PGIRS_CITRAYAR-2-1024x576.jpg 1024w, https:\/\/yameya.co\/wp-content\/uploads\/2021\/03\/Socializacion_PGIRS_CITRAYAR-2-300x169.jpg 300w, https:\/\/yameya.co\/wp-content\/uploads\/2021\/03\/Socializacion_PGIRS_CITRAYAR-2-768x432.jpg 768w, https:\/\/yameya.co\/wp-content\/uploads\/2021\/03\/Socializacion_PGIRS_CITRAYAR-2-1536x864.jpg 1536w, https:\/\/yameya.co\/wp-content\/uploads\/2021\/03\/Socializacion_PGIRS_CITRAYAR-2-2048x1152.jpg 2048w, https:\/\/yameya.co\/wp-content\/uploads\/2021\/03\/Socializacion_PGIRS_CITRAYAR-2-240x136.jpg 240w\" sizes=\"auto, (max-width: 1024px) 100vw, 1024px\" \/><\/figure>\n\n\n\n<figure class=\"wp-block-image\"><img loading=\"lazy\" decoding=\"async\" width=\"1024\" height=\"576\" src=\"https:\/\/yameya.co\/wp-content\/uploads\/2021\/03\/Socializacion_PGIRS_CITRAYAR-3-1024x576.jpg\" alt=\"\" class=\"wp-image-568\" srcset=\"https:\/\/yameya.co\/wp-content\/uploads\/2021\/03\/Socializacion_PGIRS_CITRAYAR-3-1024x576.jpg 1024w, https:\/\/yameya.co\/wp-content\/uploads\/2021\/03\/Socializacion_PGIRS_CITRAYAR-3-300x169.jpg 300w, https:\/\/yameya.co\/wp-content\/uploads\/2021\/03\/Socializacion_PGIRS_CITRAYAR-3-768x432.jpg 768w, https:\/\/yameya.co\/wp-content\/uploads\/2021\/03\/Socializacion_PGIRS_CITRAYAR-3-1536x864.jpg 1536w, https:\/\/yameya.co\/wp-content\/uploads\/2021\/03\/Socializacion_PGIRS_CITRAYAR-3-2048x1152.jpg 2048w, https:\/\/yameya.co\/wp-content\/uploads\/2021\/03\/Socializacion_PGIRS_CITRAYAR-3-240x136.jpg 240w\" sizes=\"auto, (max-width: 1024px) 100vw, 1024px\" \/><\/figure>\n\n\n\n<figure class=\"wp-block-image\"><img loading=\"lazy\" decoding=\"async\" width=\"1024\" height=\"576\" src=\"https:\/\/yameya.co\/wp-content\/uploads\/2021\/03\/Socializacion_PGIRS_CITRAYAR-4-1024x576.jpg\" alt=\"\" class=\"wp-image-569\" srcset=\"https:\/\/yameya.co\/wp-content\/uploads\/2021\/03\/Socializacion_PGIRS_CITRAYAR-4-1024x576.jpg 1024w, https:\/\/yameya.co\/wp-content\/uploads\/2021\/03\/Socializacion_PGIRS_CITRAYAR-4-300x169.jpg 300w, https:\/\/yameya.co\/wp-content\/uploads\/2021\/03\/Socializacion_PGIRS_CITRAYAR-4-768x432.jpg 768w, https:\/\/yameya.co\/wp-content\/uploads\/2021\/03\/Socializacion_PGIRS_CITRAYAR-4-1536x864.jpg 1536w, https:\/\/yameya.co\/wp-content\/uploads\/2021\/03\/Socializacion_PGIRS_CITRAYAR-4-2048x1152.jpg 2048w, https:\/\/yameya.co\/wp-content\/uploads\/2021\/03\/Socializacion_PGIRS_CITRAYAR-4-240x136.jpg 240w\" sizes=\"auto, (max-width: 1024px) 100vw, 1024px\" \/><\/figure>\n<\/div><\/div>\n\n\n\n<h2 class=\"wp-block-heading\">Matriz COVID<\/h2>\n\n\n\n<figure class=\"wp-block-image\"><img loading=\"lazy\" decoding=\"async\" width=\"1024\" height=\"791\" src=\"https:\/\/yameya.co\/wp-content\/uploads\/2021\/03\/Matriz_covid-1-1024x791.jpg\" alt=\"\" class=\"wp-image-570\" srcset=\"https:\/\/yameya.co\/wp-content\/uploads\/2021\/03\/Matriz_covid-1-1024x791.jpg 1024w, https:\/\/yameya.co\/wp-content\/uploads\/2021\/03\/Matriz_covid-1-300x232.jpg 300w, https:\/\/yameya.co\/wp-content\/uploads\/2021\/03\/Matriz_covid-1-768x593.jpg 768w, https:\/\/yameya.co\/wp-content\/uploads\/2021\/03\/Matriz_covid-1-1536x1187.jpg 1536w, https:\/\/yameya.co\/wp-content\/uploads\/2021\/03\/Matriz_covid-1-2048x1583.jpg 2048w\" sizes=\"auto, (max-width: 1024px) 100vw, 1024px\" \/><\/figure>\n\n\n\n<figure class=\"wp-block-image\"><img loading=\"lazy\" decoding=\"async\" width=\"1024\" height=\"791\" src=\"https:\/\/yameya.co\/wp-content\/uploads\/2021\/03\/Matriz_covid-2-1024x791.jpg\" alt=\"\" class=\"wp-image-571\" srcset=\"https:\/\/yameya.co\/wp-content\/uploads\/2021\/03\/Matriz_covid-2-1024x791.jpg 1024w, https:\/\/yameya.co\/wp-content\/uploads\/2021\/03\/Matriz_covid-2-300x232.jpg 300w, https:\/\/yameya.co\/wp-content\/uploads\/2021\/03\/Matriz_covid-2-768x593.jpg 768w, https:\/\/yameya.co\/wp-content\/uploads\/2021\/03\/Matriz_covid-2-1536x1187.jpg 1536w, https:\/\/yameya.co\/wp-content\/uploads\/2021\/03\/Matriz_covid-2-2048x1583.jpg 2048w\" sizes=\"auto, (max-width: 1024px) 100vw, 1024px\" \/><\/figure>\n\n\n\n<h2 class=\"wp-block-heading\">Higiene respiratoria<\/h2>\n\n\n\n<figure class=\"wp-block-image size-large\"><img loading=\"lazy\" decoding=\"async\" width=\"1024\" height=\"1024\" src=\"https:\/\/yameya.co\/wp-content\/uploads\/2021\/03\/Higiene_Respiratoria-1-1024x1024.jpg\" alt=\"\" class=\"wp-image-572\" srcset=\"https:\/\/yameya.co\/wp-content\/uploads\/2021\/03\/Higiene_Respiratoria-1-1024x1024.jpg 1024w, https:\/\/yameya.co\/wp-content\/uploads\/2021\/03\/Higiene_Respiratoria-1-300x300.jpg 300w, https:\/\/yameya.co\/wp-content\/uploads\/2021\/03\/Higiene_Respiratoria-1-150x150.jpg 150w, https:\/\/yameya.co\/wp-content\/uploads\/2021\/03\/Higiene_Respiratoria-1-768x768.jpg 768w, https:\/\/yameya.co\/wp-content\/uploads\/2021\/03\/Higiene_Respiratoria-1-1536x1536.jpg 1536w, https:\/\/yameya.co\/wp-content\/uploads\/2021\/03\/Higiene_Respiratoria-1-2048x2048.jpg 2048w\" sizes=\"auto, (max-width: 1024px) 100vw, 1024px\" \/><\/figure>\n\n\n\n<h2 class=\"wp-block-heading\">Lavado de manos<\/h2>\n\n\n\n<figure class=\"wp-block-image size-large\"><img loading=\"lazy\" decoding=\"async\" width=\"410\" height=\"1024\" src=\"https:\/\/yameya.co\/wp-content\/uploads\/2021\/03\/Lavado_de_Manos-1-410x1024.jpg\" alt=\"\" class=\"wp-image-573\" srcset=\"https:\/\/yameya.co\/wp-content\/uploads\/2021\/03\/Lavado_de_Manos-1-410x1024.jpg 410w, https:\/\/yameya.co\/wp-content\/uploads\/2021\/03\/Lavado_de_Manos-1-120x300.jpg 120w, https:\/\/yameya.co\/wp-content\/uploads\/2021\/03\/Lavado_de_Manos-1-768x1920.jpg 768w, https:\/\/yameya.co\/wp-content\/uploads\/2021\/03\/Lavado_de_Manos-1-819x2048.jpg 819w, https:\/\/yameya.co\/wp-content\/uploads\/2021\/03\/Lavado_de_Manos-1-scaled.jpg 1024w\" sizes=\"auto, (max-width: 410px) 100vw, 410px\" \/><\/figure>\n\n\n\n<h2 class=\"wp-block-heading\">Comunicaci\u00f3n asertiva<\/h2>\n\n\n\n<figure class=\"wp-block-image size-large\"><img loading=\"lazy\" decoding=\"async\" width=\"1024\" height=\"1024\" src=\"https:\/\/yameya.co\/wp-content\/uploads\/2021\/03\/comunicacion_asertiva-1024x1024.png\" alt=\"\" class=\"wp-image-574\" srcset=\"https:\/\/yameya.co\/wp-content\/uploads\/2021\/03\/comunicacion_asertiva-1024x1024.png 1024w, https:\/\/yameya.co\/wp-content\/uploads\/2021\/03\/comunicacion_asertiva-300x300.png 300w, https:\/\/yameya.co\/wp-content\/uploads\/2021\/03\/comunicacion_asertiva-150x150.png 150w, https:\/\/yameya.co\/wp-content\/uploads\/2021\/03\/comunicacion_asertiva-768x768.png 768w, https:\/\/yameya.co\/wp-content\/uploads\/2021\/03\/comunicacion_asertiva.png 1080w\" sizes=\"auto, (max-width: 1024px) 100vw, 1024px\" \/><\/figure>\n\n\n\n<h2 class=\"wp-block-heading\">Respetar los limites de velocidad<\/h2>\n\n\n\n<figure class=\"wp-block-image size-large\"><img loading=\"lazy\" decoding=\"async\" width=\"1024\" height=\"1024\" src=\"https:\/\/yameya.co\/wp-content\/uploads\/2021\/03\/Respetar_los_limites_de_velocidad-1024x1024.png\" alt=\"\" class=\"wp-image-575\" srcset=\"https:\/\/yameya.co\/wp-content\/uploads\/2021\/03\/Respetar_los_limites_de_velocidad-1024x1024.png 1024w, https:\/\/yameya.co\/wp-content\/uploads\/2021\/03\/Respetar_los_limites_de_velocidad-300x300.png 300w, https:\/\/yameya.co\/wp-content\/uploads\/2021\/03\/Respetar_los_limites_de_velocidad-150x150.png 150w, https:\/\/yameya.co\/wp-content\/uploads\/2021\/03\/Respetar_los_limites_de_velocidad-768x768.png 768w, https:\/\/yameya.co\/wp-content\/uploads\/2021\/03\/Respetar_los_limites_de_velocidad.png 1080w\" sizes=\"auto, (max-width: 1024px) 100vw, 1024px\" \/><\/figure>\n","protected":false},"excerpt":{"rendered":"<p>Distancia entre veh\u00edculos seg\u00fan velocidad y condiciones H\u00e1bitos para mejorar tu vida Normas de tr\u00e1nsito Beneficios de la granadilla y la mandarina Acto Inseguro Tips para prevenci\u00f3n de accidentes de tr\u00e1nsito Socializaci\u00f3n capacitaci\u00f3n PGIRS Matriz COVID Higiene respiratoria Lavado de manos Comunicaci\u00f3n asertiva Respetar los limites de velocidad<\/p>\n","protected":false},"author":1,"featured_media":0,"parent":0,"menu_order":0,"comment_status":"closed","ping_status":"closed","template":"","meta":{"footnotes":""},"class_list":["post-336","page","type-page","status-publish","hentry"],"_links":{"self":[{"href":"https:\/\/yameya.co\/index.php?rest_route=\/wp\/v2\/pages\/336","targetHints":{"allow":["GET"]}}],"collection":[{"href":"https:\/\/yameya.co\/index.php?rest_route=\/wp\/v2\/pages"}],"about":[{"href":"https:\/\/yameya.co\/index.php?rest_route=\/wp\/v2\/types\/page"}],"author":[{"embeddable":true,"href":"https:\/\/yameya.co\/index.php?rest_route=\/wp\/v2\/users\/1"}],"replies":[{"embeddable":true,"href":"https:\/\/yameya.co\/index.php?rest_route=%2Fwp%2Fv2%2Fcomments&post=336"}],"version-history":[{"count":9,"href":"https:\/\/yameya.co\/index.php?rest_route=\/wp\/v2\/pages\/336\/revisions"}],"predecessor-version":[{"id":577,"href":"https:\/\/yameya.co\/index.php?rest_route=\/wp\/v2\/pages\/336\/revisions\/577"}],"wp:attachment":[{"href":"https:\/\/yameya.co\/index.php?rest_route=%2Fwp%2Fv2%2Fmedia&parent=336"}],"curies":[{"name":"wp","href":"https:\/\/api.w.org\/{rel}","templated":true}]}}